{"id":2881,"date":"2022-06-01T11:54:24","date_gmt":"2022-06-01T09:54:24","guid":{"rendered":"https:\/\/sklep.pixelcolor.pl\/index.php\/produkt\/bachus-i-ariadna-tycjan-reprodukcja-120x80cm\/"},"modified":"2022-06-06T13:24:45","modified_gmt":"2022-06-06T11:24:45","slug":"bachus-i-ariadna-tycjan-reprodukcja-120x80cm","status":"publish","type":"product","link":"http:\/\/sklep.pixelcolor.pl\/index.php\/produkt\/bachus-i-ariadna-tycjan-reprodukcja-120x80cm\/","title":{"rendered":"Bachus i Ariadna \u2013 Tycjan &#8211; reprodukcja"},"content":{"rendered":"<section class=\"section\">\n<div class=\"item item-6\">\n<section class=\"image-item\"><img src=\"https:\/\/upload.cdn.baselinker.com\/products\/1002234\/3caa4ba5488c1e641b8cfbd7035d3a32.jpg\" \/><\/section>\n<\/div>\n<div class=\"item item-6\">\n<section class=\"section\">\n<h1>Reprodukcja obrazu na p\u0142\u00f3tnie canvas: Bachus i Ariadna \u2013 Tycjan<\/h1>\n<h1>Cechy produktu:<\/h1>\n<ul>\n<li><b>Wymiary:<\/b> <b>120x80x2, 90x60x2, lub 60x40x20.<\/b><\/li>\n<li><b>Boki i kraw\u0119dzie s\u0105 zadrukowane<\/b> tworz\u0105c kontynuacj\u0119 grafiki.<\/li>\n<li><b>Podczas produkcji u\u017cywane s\u0105 ekologiczne i bezwonne tusze.<\/b> Obraz wykonany jest przy wykorzystaniu nowoczesnych technologii druku.<\/li>\n<li><b>U\u017cywamy tylko dobrej jako\u015bci p\u0142\u00f3tna przeznaczonego do wysokojako\u015bciowych i ekologicznych wydruk\u00f3w.<\/b><\/li>\n<\/ul>\n<div class=\"item item-6\">\n<section class=\"image-item\"><img src=\"https:\/\/upload.cdn.baselinker.com\/products\/1002234\/38c8e2ff92d6a7e7aa327394dcdf4ca4.jpg\" \/><\/section>\n<\/div>\n<\/section>\n<\/div>\n<\/section>\n<section class=\"section\">\n<div class=\"item item-6\">\n<section class=\"image-item\"><img src=\"https:\/\/upload.cdn.baselinker.com\/products\/1002234\/ef6836a25ad969e81e11964cf063819e.jpg\" \/><\/section>\n<\/div>\n<div class=\"item item-6\">\n<section class=\"text-item\">&nbsp;<\/p>\n<p>W zale\u017cno\u015bci od ustawie\u0144 monitora kolory na wydruku mog\u0105 si\u0119 nieznacznie r\u00f3\u017cni\u0107.<\/p>\n<ul>\n<li>P\u0142\u00f3tno naci\u0105gni\u0119te jest na <b>specjalne &#8211; przeznaczone do wydruk\u00f3w krosno malarskie<\/b>. Posiada ono specjalny rant, dzi\u0119ki kt\u00f3remu p\u0142\u00f3tno si\u0119 nie odkszta\u0142ca si\u0119 na ramce i jest dobrze naci\u0105gni\u0119te.<\/li>\n<li><b>Krosna s\u0105 \u0142\u0105czone maszynowo<\/b>, dzi\u0119ki czemu konstrukcja jest sztywna i trwa\u0142a.<\/li>\n<\/ul>\n<p><b>Ka\u017cdy obraz posiada zawieszk\u0119 do monta\u017cu w komplecie.<\/b><\/p>\n<\/section>\n<\/div>\n<\/section>\n","protected":false},"excerpt":{"rendered":"<p>Reprodukcja obrazu na p\u0142\u00f3tnie canvas: Bachus i Ariadna \u2013 Tycjan Cechy produktu: Wymiary: 120x80x2, 90x60x2, lub 60x40x20. Boki i kraw\u0119dzie s\u0105 zadrukowane tworz\u0105c kontynuacj\u0119 grafiki. Podczas produkcji u\u017cywane s\u0105 ekologiczne i bezwonne tusze. Obraz&#46;&#46;&#46;<\/p>\n","protected":false},"featured_media":2872,"template":"","meta":[],"product_cat":[542],"product_tag":[],"_links":{"self":[{"href":"http:\/\/sklep.pixelcolor.pl\/index.php\/wp-json\/wp\/v2\/product\/2881"}],"collection":[{"href":"http:\/\/sklep.pixelcolor.pl\/index.php\/wp-json\/wp\/v2\/product"}],"about":[{"href":"http:\/\/sklep.pixelcolor.pl\/index.php\/wp-json\/wp\/v2\/types\/product"}],"wp:featuredmedia":[{"embeddable":true,"href":"http:\/\/sklep.pixelcolor.pl\/index.php\/wp-json\/wp\/v2\/media\/2872"}],"wp:attachment":[{"href":"http:\/\/sklep.pixelcolor.pl\/index.php\/wp-json\/wp\/v2\/media?parent=2881"}],"wp:term":[{"taxonomy":"product_cat","embeddable":true,"href":"http:\/\/sklep.pixelcolor.pl\/index.php\/wp-json\/wp\/v2\/product_cat?post=2881"},{"taxonomy":"product_tag","embeddable":true,"href":"http:\/\/sklep.pixelcolor.pl\/index.php\/wp-json\/wp\/v2\/product_tag?post=2881"}],"curies":[{"name":"wp","href":"https:\/\/api.w.org\/{rel}","templated":true}]}}