{"id":2142,"date":"2020-06-04T15:43:17","date_gmt":"2020-06-04T13:43:17","guid":{"rendered":"https:\/\/sklep.pixelcolor.pl\/index.php\/produkt\/obraz-na-plotnie-fotoobraz-60x90-b-duzo-wzorow-8564704040\/"},"modified":"2020-06-04T15:43:17","modified_gmt":"2020-06-04T13:43:17","slug":"obraz-na-plotnie-fotoobraz-60x90-b-duzo-wzorow-8564704040","status":"publish","type":"product","link":"http:\/\/sklep.pixelcolor.pl\/index.php\/produkt\/obraz-na-plotnie-fotoobraz-60x90-b-duzo-wzorow-8564704040\/","title":{"rendered":"Obraz na p\u0142\u00f3tnie fotoobraz 60&#215;90 b. du\u017co wzor\u00f3w"},"content":{"rendered":"<p>    <img src=\"https:\/\/a.allegroimg.com\/s1440\/030838\/3aa80ef24165b20f39ab30df9aa2\" \/><\/p>\n<h1>Przedmiotem aukcji jest obraz na p\u0142\u00f3tnie canvas.<\/h1>\n<h1>Cechy produktu:<\/h1>\n<ul>\n<li>Wymiary: 90&#215;60 lub 60&#215;90 cm inne wielko\u015bci znajd\u0105 Pa\u0144stwo klikajac pod cen\u0105.<\/li>\n<li>Boki i kraw\u0119dzie s\u0105 zadrukowane tworz\u0105c kontynuacj\u0119 grafiki.<\/li>\n<li>P\u0142\u00f3tno naci\u0105gni\u0119te jest na specjalne krosno malarskie. Posiada on specjalny rant, dzi\u0119ki kt\u00f3remu p\u0142\u00f3tno si\u0119 nie marszczy i jest dobrze naci\u0105gni\u0119te.<\/li>\n<li>Podczas produkcji u\u017cywane s\u0105 ekologiczne i bezwonne tusze. Obraz wykonany jest przy wykorzystaniu nowoczesnych technologii druku.<\/li>\n<li>U\u017cywamy tylko dobrej jako\u015bci p\u0142\u00f3tna przeznaczonego do wysokojako\u015bciowych i ekologicznych wydruk\u00f3w.<\/li>\n<\/ul>\n<p>Podczas sk\u0142adania zam\u00f3wienia prosimy o:<\/p>\n<ul>\n<li>wybranie wzoru obrazu<\/li>\n<li>wpisanie numeru grafiki&nbsp; w pole &#8222;informacje dla sprzedaj\u0105cego&#8221; &#8211; przyk\u0142adowo: &#8222;wybieram wz\u00f3r 1&#8221;.<\/li>\n<li>Uwaga! W przypadku braku wpisanego wzoru zostanie wys\u0142any wz\u00f3r z miniaturki aukcji.<\/li>\n<\/ul>\n<p>W zale\u017cno\u015bci od ustawie\u0144 monitora kolory na wydruku mog\u0105 si\u0119 nieznacznie r\u00f3\u017cni\u0107.<\/p>\n<p>    <img src=\"https:\/\/a.allegroimg.com\/s1440\/039604\/0a269ab9495a87130064743ea59c\" width=\"1276px\" \/><\/p>\n<p>    <img src=\"https:\/\/a.allegroimg.com\/s1440\/033990\/a8e944e94e1daab8e08eab8e4ae5\" width=\"720px\" \/><\/p>\n<ul>\n<li>P\u0142\u00f3tno naci\u0105gni\u0119te jest na specjalne &#8211; przeznaczone do wydruk\u00f3w krosno malarskie. Posiada ono specjalny rant, dzi\u0119ki kt\u00f3remu p\u0142\u00f3tno si\u0119 nie odkszta\u0142ca si\u0119 na ramce i jest dobrze naci\u0105gni\u0119te.<\/li>\n<li>Krosna s\u0105 \u0142\u0105czone maszynowo, dzi\u0119ki czemu konstrukcja jest sztywna i trwa\u0142a.<\/li>\n<\/ul>\n<p>Ka\u017cdy z obraz\u00f3w posiada w komplecie zawieszk\u0119 do monta\u017cu obrazu.<\/p>\n<p>Wszystkie nasze aukcje z obrazami na p\u0142\u00f3tnie znajd\u0105 Pa\u0144stwo wklejaj\u0105c poni\u017cszy link do nowego okna przegl\u0105darki:<\/p>\n<p>https:\/\/allegro.pl\/uzytkownik\/pixelcolor_pl\/110911<\/p>\n<p>    <img src=\"https:\/\/a.allegroimg.com\/s1440\/03bc5f\/6b410374458287514fa4dc690dc0\" width=\"1024px\" \/><\/p>\n<p>Wzory do wyboru:<\/p>\n<p>    <img src=\"https:\/\/6.allegroimg.com\/s1440\/032759\/774d3bde4ab3bb537f4b239bbf46\" width=\"1199px\" \/><\/p>\n<p>    <img src=\"https:\/\/a.allegroimg.com\/s1440\/03845b\/b56ba31a49839ee4cf865dc54bfa\" width=\"1203px\" \/><\/p>\n<p>    <img src=\"https:\/\/2.allegroimg.com\/s1440\/03d897\/7330e97843928ce1a253b8df9822\" width=\"1200px\" \/><\/p>\n<p>    <img src=\"https:\/\/6.allegroimg.com\/s1440\/030719\/18daa276477299505f1860c36f56\" width=\"1200px\" \/><\/p>\n<p>    <img src=\"https:\/\/9.allegroimg.com\/s1440\/03e2ea\/e025a5014722ac9d891d69b013a9\" width=\"1200px\" \/><\/p>\n<p>    <img src=\"https:\/\/3.allegroimg.com\/s1440\/0387c6\/bb10a5664e77a8acd4516380c663\" width=\"1200px\" \/><\/p>\n<p>    <img src=\"https:\/\/9.allegroimg.com\/s1440\/03b9b3\/66ea2eb04b589f2967e34ec62a79\" width=\"1200px\" \/><\/p>\n<p>    <img src=\"https:\/\/9.allegroimg.com\/s1440\/037a5b\/f48a86d342d480892b7891f52eb9\" width=\"1200px\" \/><\/p>\n<p>    <img src=\"https:\/\/d.allegroimg.com\/s1440\/03644e\/86a55d5247509c79156b9bd5d85d\" width=\"1200px\" \/><\/p>\n<p>    <img src=\"https:\/\/f.allegroimg.com\/s1440\/03b54f\/714df2114ba2b3c2709b1ee29cef\" width=\"1200px\" \/><\/p>\n<p>    <img src=\"https:\/\/b.allegroimg.com\/s1440\/037f83\/b6eafd524cbb8de1e2ef5ec5cb6b\" width=\"1200px\" \/><\/p>\n<p>    <img src=\"https:\/\/4.allegroimg.com\/s1440\/03c188\/b23f81ef49848a4e5ff853c4c8a4\" width=\"1200px\" \/><\/p>\n","protected":false},"excerpt":{"rendered":"<p>Przedmiotem aukcji jest obraz na p\u0142\u00f3tnie canvas. Cechy produktu: Wymiary: 90&#215;60 lub 60&#215;90 cm inne wielko\u015bci znajd\u0105 Pa\u0144stwo klikajac pod cen\u0105. Boki i kraw\u0119dzie s\u0105 zadrukowane tworz\u0105c kontynuacj\u0119 grafiki. P\u0142\u00f3tno naci\u0105gni\u0119te jest na specjalne&#46;&#46;&#46;<\/p>\n","protected":false},"featured_media":2143,"template":"","meta":[],"product_cat":[],"product_tag":[],"_links":{"self":[{"href":"http:\/\/sklep.pixelcolor.pl\/index.php\/wp-json\/wp\/v2\/product\/2142"}],"collection":[{"href":"http:\/\/sklep.pixelcolor.pl\/index.php\/wp-json\/wp\/v2\/product"}],"about":[{"href":"http:\/\/sklep.pixelcolor.pl\/index.php\/wp-json\/wp\/v2\/types\/product"}],"wp:featuredmedia":[{"embeddable":true,"href":"http:\/\/sklep.pixelcolor.pl\/index.php\/wp-json\/wp\/v2\/media\/2143"}],"wp:attachment":[{"href":"http:\/\/sklep.pixelcolor.pl\/index.php\/wp-json\/wp\/v2\/media?parent=2142"}],"wp:term":[{"taxonomy":"product_cat","embeddable":true,"href":"http:\/\/sklep.pixelcolor.pl\/index.php\/wp-json\/wp\/v2\/product_cat?post=2142"},{"taxonomy":"product_tag","embeddable":true,"href":"http:\/\/sklep.pixelcolor.pl\/index.php\/wp-json\/wp\/v2\/product_tag?post=2142"}],"curies":[{"name":"wp","href":"https:\/\/api.w.org\/{rel}","templated":true}]}}