{"id":838,"date":"2020-04-12T18:55:48","date_gmt":"2020-04-12T16:55:48","guid":{"rendered":"https:\/\/sklep.pixelcolor.pl\/?page_id=838"},"modified":"2020-04-12T20:55:47","modified_gmt":"2020-04-12T18:55:47","slug":"o-nas","status":"publish","type":"page","link":"http:\/\/sklep.pixelcolor.pl\/index.php\/o-nas\/","title":{"rendered":"O nas"},"content":{"rendered":"\n<p><strong>Pixelcolor<\/strong> to \u015bwiat wiruj\u0105cych pikseli.  Ujarzmiamy je i tworzymy dla Was niepowtarzalne projekty wychodz\u0105c na  przeciw wszelkim oczekiwaniom. Nowe, \u015bwie\u017ce spojrzenie poparte  wieloletnim do\u015bwiadczeniem w dziedzinie grafiki komputerowej,  multi projektowania i poligrafii. \u00a0\u00a0\u00a0\u00a0<\/p>\n\n\n\n<p><strong>Oferujemy us\u0142ugi drukarni wielkoformatowej oraz agencji reklamowej. <\/strong>Ka\u017cde zam\u00f3wienie to dla nas indywidualne wyzwanie. &nbsp;Nie idziemy z trendami lecz je tworzymy!&nbsp;<\/p>\n\n\n\n<p><strong>Posiadamy w\u0142asny, nowoczesny, sk\u0142adaj\u0105cy si\u0119 z nowych urz\u0105dze\u0144 park maszynowy.&nbsp;<\/strong><\/p>\n\n\n\n<p><strong>Drukujemy:<\/strong> &#8211; fototapety (samoprzylepne, lateksowe, flizelinowe,  r\u00f3wnie\u017c laminowane) &#8211; naklejki &#8211; plakaty &#8211; banery &#8211; siatki mesh &#8211;  zdj\u0119cia &#8211;\u00a0 inne\u00a0<\/p>\n\n\n\n<p><strong>Zajmujemy si\u0119 oklejaniem m. in. <\/strong>&nbsp;&#8211; witryn sklepowych (folia \none way vision, folia mro\u017cona, adhezyjna&#8230;) &#8211; samochod\u00f3w (folie \nmonomeryczne, polimerowe, wylewane) &#8211; billboard\u00f3w&nbsp;<\/p>\n\n\n\n<p><strong>Wykonujemy: <\/strong>&#8211; wizyt\u00f3wki &#8211; ulotki &#8211; rollupy &#8211; papiery firmowe &#8211; gad\u017cety reklamowe i inne&nbsp;<\/p>\n\n\n\n<p>Ostrowiec \u015awi\u0119tokrzyski 27-400, ul. Jesienna 1. Pracujemy pon-pt w godz. 9-17 tel. 510869293, 510869283\u00a0<\/p>\n\n\n\n<p><strong>Zapraszamy.<\/strong><\/p>\n","protected":false},"excerpt":{"rendered":"<p>Pixelcolor to \u015bwiat wiruj\u0105cych pikseli. Ujarzmiamy je i tworzymy dla Was niepowtarzalne projekty wychodz\u0105c na przeciw wszelkim oczekiwaniom. Nowe, \u015bwie\u017ce spojrzenie poparte wieloletnim do\u015bwiadczeniem w dziedzinie grafiki komputerowej, multi projektowania i poligrafii. \u00a0\u00a0\u00a0\u00a0 Oferujemy&#46;&#46;&#46;<\/p>\n","protected":false},"author":1,"featured_media":0,"parent":0,"menu_order":0,"comment_status":"closed","ping_status":"closed","template":"","meta":[],"_links":{"self":[{"href":"http:\/\/sklep.pixelcolor.pl\/index.php\/wp-json\/wp\/v2\/pages\/838"}],"collection":[{"href":"http:\/\/sklep.pixelcolor.pl\/index.php\/wp-json\/wp\/v2\/pages"}],"about":[{"href":"http:\/\/sklep.pixelcolor.pl\/index.php\/wp-json\/wp\/v2\/types\/page"}],"author":[{"embeddable":true,"href":"http:\/\/sklep.pixelcolor.pl\/index.php\/wp-json\/wp\/v2\/users\/1"}],"replies":[{"embeddable":true,"href":"http:\/\/sklep.pixelcolor.pl\/index.php\/wp-json\/wp\/v2\/comments?post=838"}],"version-history":[{"count":2,"href":"http:\/\/sklep.pixelcolor.pl\/index.php\/wp-json\/wp\/v2\/pages\/838\/revisions"}],"predecessor-version":[{"id":857,"href":"http:\/\/sklep.pixelcolor.pl\/index.php\/wp-json\/wp\/v2\/pages\/838\/revisions\/857"}],"wp:attachment":[{"href":"http:\/\/sklep.pixelcolor.pl\/index.php\/wp-json\/wp\/v2\/media?parent=838"}],"curies":[{"name":"wp","href":"https:\/\/api.w.org\/{rel}","templated":true}]}}