{"id":3,"date":"2020-01-21T17:53:09","date_gmt":"2020-01-21T17:53:09","guid":{"rendered":"https:\/\/sklep.pixelcolor.pl\/?page_id=3"},"modified":"2020-05-04T20:30:30","modified_gmt":"2020-05-04T18:30:30","slug":"polityka-prywatnosci","status":"publish","type":"page","link":"http:\/\/sklep.pixelcolor.pl\/index.php\/polityka-prywatnosci\/","title":{"rendered":"Polityka prywatno\u015bci"},"content":{"rendered":"\n<p><strong>KLAUZULA INFORMACYJNA DLA KLIENT\u00d3W FIRMY PIXELCOLOR<\/strong><br> Wype\u0142niaj\u0105c obowi\u0105zek informacyjny wynikaj\u0105cy z art. 13 RODO informujemy, i\u017c:<\/p>\n\n\n\n<ol><li>Administratorem Twoich danych osobowych Pani\/Pana jest firma Pixelcolor Dulny<br> Gawot s. c. ul. Jesienna 1, 27-400 Ostrowiec \u015awi\u0119tokrzyski. Mo\u017cna si\u0119 z nami<br> skontaktowa\u0107 pisz\u0105c na adres email sklep@pixelcolor.pl<\/li><li>Twoje dane osobowe b\u0119d\u0119 przetwarzane w celu:<\/li><li>realizacji zlece\u0144 klienta, wykonania um\u00f3w zwi\u0105zanych z procesem realizacji<br> zam\u00f3wienia i dostaw towaru lub zlecenia wykonania us\u0142ugi na podstawie art. 6<br> ust. 1 lit. b) RODO;<\/li><li>wype\u0142nienia obowi\u0105zk\u00f3w prawnych ci\u0105\u017c\u0105cy na nas np. w zakresie obs\u0142ugi<br> reklamacji, prowadzenia dokumentacji dla cel\u00f3w podatkowych i rachunkowych \u2013<br> na podstawie art. 6 ust. 1 lit c) RODO;<\/li><li>kontaktu z klientem, windykacji roszcze\u0144 oraz obrony przed roszczeniami \u2013<br> realizacji prawnie uzasadnionych interes\u00f3w firmy, na podstawie art. 6 ust. 1 lit. f)<br> RODO;<\/li><\/ol>\n\n\n\n<ol><li>Odbiorc\u0105 Twoich danych osobowych mog\u0105 by\u0107 podmioty uprawnione do uzyskania<br>\ndanych osobowych na podstawie przepis\u00f3w prawa oraz podmioty, kt\u00f3rym<br>\nAdministrator danych zleca wykonywanie czynno\u015bci, z kt\u00f3rymi wi\u0105\u017ce konieczno\u015b\u0107<br>\nprzetwarzania danych (podmioty przetwarzaj\u0105ce) np.: dostawcom rozwi\u0105za\u0144<br>\ninformatycznych, prawnych, ksi\u0119gowych, doradczych, w zwi\u0105zku z realizacj\u0105 zada\u0144<br>\nnaszej firmy.<\/li><li>Dane osobowe b\u0119d\u0105 przetwarzane przez okres \u015bwiadczenia us\u0142ug, a nast\u0119pnie do<br>\nmomentu przedawnienia roszcze\u0144 wynikaj\u0105cych z zawartej umowy lub do momentu<br>\nwyga\u015bni\u0119cia obowi\u0105zku przechowywania danych wynikaj\u0105cego z przepis\u00f3w prawa, w<br>\nszczeg\u00f3lno\u015bci dotycz\u0105cych obowi\u0105zku przechowywania dokument\u00f3w ksi\u0119gowych i<br>\npodatkowych.<\/li><li>Masz prawo dost\u0119pu do tre\u015bci swoich danych osobowych oraz prawo ich<br>\nsprostowania, usuni\u0119cia, ograniczenia przetwarzania, prawo do przenoszenia danych,<br>\nprawo wniesienia sprzeciwu. Aby skorzysta\u0107 z kt\u00f3regokolwiek z powy\u017cszych<br>\nuprawnie\u0144 nale\u017cy skontaktowa\u0107 si\u0119 z nami telefonicznie, e-mailem lub osobi\u015bcie w<br>\nsiedzibie firmy.<\/li><li>Masz prawo wniesienia skargi do Prezesa Urz\u0119du Ochrony Danych Osobowych.<\/li><li>Podanie danych osobowych jest dobrowolne, jednak\u017ce niepodanie danych mo\u017ce<br>\nskutkowa\u0107 brakiem mo\u017cliwo\u015bci realizacji us\u0142ugi i prawid\u0142owej wsp\u00f3\u0142pracy.<\/li><li>Dane osobowe nie b\u0119d\u0105 przetwarzane w spos\u00f3b zautomatyzowany i nie b\u0119d\u0105<br>\nprofilowane.<\/li><\/ol>\n","protected":false},"excerpt":{"rendered":"<p>KLAUZULA INFORMACYJNA DLA KLIENT\u00d3W FIRMY PIXELCOLOR Wype\u0142niaj\u0105c obowi\u0105zek informacyjny wynikaj\u0105cy z art. 13 RODO informujemy, i\u017c: Administratorem Twoich danych osobowych Pani\/Pana jest firma Pixelcolor Dulny Gawot s. c. ul. Jesienna 1, 27-400 Ostrowiec \u015awi\u0119tokrzyski.&#46;&#46;&#46;<\/p>\n","protected":false},"author":1,"featured_media":0,"parent":0,"menu_order":0,"comment_status":"closed","ping_status":"open","template":"","meta":[],"_links":{"self":[{"href":"http:\/\/sklep.pixelcolor.pl\/index.php\/wp-json\/wp\/v2\/pages\/3"}],"collection":[{"href":"http:\/\/sklep.pixelcolor.pl\/index.php\/wp-json\/wp\/v2\/pages"}],"about":[{"href":"http:\/\/sklep.pixelcolor.pl\/index.php\/wp-json\/wp\/v2\/types\/page"}],"author":[{"embeddable":true,"href":"http:\/\/sklep.pixelcolor.pl\/index.php\/wp-json\/wp\/v2\/users\/1"}],"replies":[{"embeddable":true,"href":"http:\/\/sklep.pixelcolor.pl\/index.php\/wp-json\/wp\/v2\/comments?post=3"}],"version-history":[{"count":2,"href":"http:\/\/sklep.pixelcolor.pl\/index.php\/wp-json\/wp\/v2\/pages\/3\/revisions"}],"predecessor-version":[{"id":911,"href":"http:\/\/sklep.pixelcolor.pl\/index.php\/wp-json\/wp\/v2\/pages\/3\/revisions\/911"}],"wp:attachment":[{"href":"http:\/\/sklep.pixelcolor.pl\/index.php\/wp-json\/wp\/v2\/media?parent=3"}],"curies":[{"name":"wp","href":"https:\/\/api.w.org\/{rel}","templated":true}]}}